{"id":71649,"date":"2024-06-05T16:29:24","date_gmt":"2024-06-05T16:29:24","guid":{"rendered":"http:\/\/www.soudureplastiqueexperts.com\/?page_id=71649"},"modified":"2024-06-05T16:29:27","modified_gmt":"2024-06-05T16:29:27","slug":"politique-de-confidentialite","status":"publish","type":"page","link":"https:\/\/www.soudureplastiqueexperts.com\/en\/politique-de-confidentialite\/","title":{"rendered":"Privacy Policy"},"content":{"rendered":"<p>[et_pb_section fb_built=\u00a0\u00bb1&Prime; fullwidth=\u00a0\u00bbon\u00a0\u00bb _builder_version=\u00a0\u00bb4.25.1&Prime; _module_preset=\u00a0\u00bbdefault\u00a0\u00bb da_disable_devices=\u00a0\u00bboff|off|off\u00a0\u00bb locked=\u00a0\u00bboff\u00a0\u00bb global_colors_info=\u00a0\u00bb{}\u00a0\u00bb theme_builder_area=\u00a0\u00bbpost_content\u00a0\u00bb da_is_popup=\u00a0\u00bboff\u00a0\u00bb da_exit_intent=\u00a0\u00bboff\u00a0\u00bb da_has_close=\u00a0\u00bbon\u00a0\u00bb da_alt_close=\u00a0\u00bboff\u00a0\u00bb da_dark_close=\u00a0\u00bboff\u00a0\u00bb da_not_modal=\u00a0\u00bbon\u00a0\u00bb da_is_singular=\u00a0\u00bboff\u00a0\u00bb da_with_loader=\u00a0\u00bboff\u00a0\u00bb da_has_shadow=\u00a0\u00bbon\u00a0\u00bb][et_pb_fullwidth_slider use_text_overlay=\u00a0\u00bboff\u00a0\u00bb _builder_version=\u00a0\u00bb4.25.1&Prime; _module_preset=\u00a0\u00bbdefault\u00a0\u00bb background_image=\u00a0\u00bbhttp:\/\/www.soudureplastiqueexperts.com\/wp-content\/uploads\/2024\/05\/soudure-plastique-quebec.jpg\u00a0\u00bb custom_padding=\u00a0\u00bb70px||70px||true|false\u00a0\u00bb global_colors_info=\u00a0\u00bb{}\u00a0\u00bb theme_builder_area=\u00a0\u00bbpost_content\u00a0\u00bb][et_pb_slide heading=\u00a0\u00bb@ET-DC@eyJkeW5hbWljIjp0cnVlLCJjb250ZW50IjoicG9zdF90aXRsZSIsInNldHRpbmdzIjp7ImJlZm9yZSI6IiIsImFmdGVyIjoiIn19@\u00a0\u00bb use_bg_overlay=\u00a0\u00bbon\u00a0\u00bb bg_overlay_color=\u00a0\u00bbrgba(0,0,0,0.65)\u00a0\u00bb _builder_version=\u00a0\u00bb4.25.1&Prime; _dynamic_attributes=\u00a0\u00bbheading\u00a0\u00bb _module_preset=\u00a0\u00bbdefault\u00a0\u00bb header_font=\u00a0\u00bb|800|||||||\u00a0\u00bb header_text_align=\u00a0\u00bbcenter\u00a0\u00bb background_enable_color=\u00a0\u00bboff\u00a0\u00bb text_orientation=\u00a0\u00bbleft\u00a0\u00bb global_colors_info=\u00a0\u00bb{}\u00a0\u00bb sticky_transition=\u00a0\u00bbon\u00a0\u00bb theme_builder_area=\u00a0\u00bbpost_content\u00a0\u00bb]<\/p>\n<h2 class=\"m-size-28 size-35\" style=\"text-align: center;\"><span class=\"font-size-35 m-font-size-28\">Une solution gagnante\u2026 une solution \u00e9cologique<\/span><\/h2>\n<p>[\/et_pb_slide][\/et_pb_fullwidth_slider][\/et_pb_section][et_pb_section fb_built=\u00a0\u00bb1&Prime; _builder_version=\u00a0\u00bb4.25.1&Prime; _module_preset=\u00a0\u00bbdefault\u00a0\u00bb da_disable_devices=\u00a0\u00bboff|off|off\u00a0\u00bb global_colors_info=\u00a0\u00bb{}\u00a0\u00bb theme_builder_area=\u00a0\u00bbpost_content\u00a0\u00bb da_is_popup=\u00a0\u00bboff\u00a0\u00bb da_exit_intent=\u00a0\u00bboff\u00a0\u00bb da_has_close=\u00a0\u00bbon\u00a0\u00bb da_alt_close=\u00a0\u00bboff\u00a0\u00bb da_dark_close=\u00a0\u00bboff\u00a0\u00bb da_not_modal=\u00a0\u00bbon\u00a0\u00bb da_is_singular=\u00a0\u00bboff\u00a0\u00bb da_with_loader=\u00a0\u00bboff\u00a0\u00bb da_has_shadow=\u00a0\u00bbon\u00a0\u00bb][et_pb_row _builder_version=\u00a0\u00bb4.22.2&Prime; _module_preset=\u00a0\u00bbdefault\u00a0\u00bb global_colors_info=\u00a0\u00bb{}\u00a0\u00bb theme_builder_area=\u00a0\u00bbpost_content\u00a0\u00bb][et_pb_column type=\u00a0\u00bb4_4&Prime; _builder_version=\u00a0\u00bb4.22.2&Prime; _module_preset=\u00a0\u00bbdefault\u00a0\u00bb global_colors_info=\u00a0\u00bb{}\u00a0\u00bb theme_builder_area=\u00a0\u00bbpost_content\u00a0\u00bb][et_pb_text _builder_version=\u00a0\u00bb4.25.1&Prime; _module_preset=\u00a0\u00bbdefault\u00a0\u00bb text_text_color=\u00a0\u00bb#000000&Prime; link_font=\u00a0\u00bb||||on|||#000000|\u00a0\u00bb link_text_color=\u00a0\u00bb#000000&Prime; header_font=\u00a0\u00bbPoppins|700|||||||\u00a0\u00bb header_2_font=\u00a0\u00bb|600||on|||||\u00a0\u00bb hover_enabled=\u00a0\u00bb0&Prime; global_colors_info=\u00a0\u00bb{}\u00a0\u00bb theme_builder_area=\u00a0\u00bbpost_content\u00a0\u00bb sticky_enabled=\u00a0\u00bb0&Prime;]<\/p>\n<h1>Politique de Confidentialit\u00e9 concernant les Cookies de Soudure Plastique Experts<\/h1>\n<p><strong>Date d&rsquo;Effet :<\/strong> 5 juin 2024<br \/><strong>Propri\u00e9taire du Site :<\/strong> Soudure Plastique Experts<br \/><strong>Adresse courriel de l&rsquo;Utilisateur :<\/strong> <a href=\"mailto:larry.carpenter@clasolution.com\">larry.carpenter@clasolution.com<\/a><\/p>\n<h2>Introduction<\/h2>\n<p>La pr\u00e9sente Politique de Confidentialit\u00e9 concernant les Cookies (ci-apr\u00e8s d\u00e9nomm\u00e9e \u00ab\u00a0Politique de Cookies\u00a0\u00bb) est applicable au site web de Soudure Plastique Experts accessible \u00e0 l&rsquo;adresse <a href=\"https:\/\/www.soudureplastiqueexperts.com\/\">https:\/\/www.soudureplastiqueexperts.com<\/a>.<\/p>\n<h2>Cookies<\/h2>\n<p>Les cookies sont de petits fichiers de donn\u00e9es stock\u00e9s sur votre appareil (ordinateur, tablette, smartphone, etc.) lorsque vous visitez notre Site. Les cookies sont utilis\u00e9s pour am\u00e9liorer votre exp\u00e9rience de navigation en recueillant des informations sur votre comportement en ligne. Cette Politique de Cookies explique comment nous utilisons les cookies et les choix que vous avez en ce qui concerne leur utilisation.<\/p>\n<h2>Types de Cookies Utilis\u00e9s<\/h2>\n<ol>\n<li><strong>Cookies Essentiels :<\/strong> Ces cookies sont indispensables pour que le Site fonctionne correctement. Ils vous permettent de naviguer sur le Site et d&rsquo;utiliser ses fonctionnalit\u00e9s de base.<\/li>\n<li><strong>Cookies de Performance :<\/strong> Ces cookies collectent des informations sur la mani\u00e8re dont vous utilisez le Site, comme les pages que vous visitez le plus souvent. Ces donn\u00e9es nous aident \u00e0 am\u00e9liorer la performance du Site.<\/li>\n<li><strong>Cookies de Fonctionnalit\u00e9 :<\/strong> Ces cookies permettent au Site de se souvenir de vos pr\u00e9f\u00e9rences, comme la langue ou la r\u00e9gion, afin d&rsquo;am\u00e9liorer votre exp\u00e9rience personnalis\u00e9e.<\/li>\n<li><strong>Cookies de Ciblage :<\/strong> Ces cookies sont utilis\u00e9s pour diffuser des publicit\u00e9s pertinentes pour vous. Ils peuvent \u00e9galement \u00eatre utilis\u00e9s par des tiers pour afficher des publicit\u00e9s cibl\u00e9es sur d&rsquo;autres sites web.<\/li>\n<\/ol>\n<h2>Vos Choix<\/h2>\n<p>En acceptant cette Politique de Cookies, vous consentez \u00e0 l&rsquo;utilisation de cookies conform\u00e9ment \u00e0 cette politique. Vous pouvez r\u00e9voquer votre consentement \u00e0 tout moment disponible sur notre Site.<\/p>\n<p>Vous avez \u00e9galement la possibilit\u00e9 de g\u00e9rer les cookies en configurant les param\u00e8tres de votre navigateur. Veuillez vous r\u00e9f\u00e9rer aux instructions sp\u00e9cifiques de votre navigateur pour en savoir plus sur la gestion des cookies.<\/p>\n<h2>Contactez-nous<\/h2>\n<p>Si vous avez des questions ou des pr\u00e9occupations concernant cette Politique de Cookies, veuillez nous contacter \u00e0 l&rsquo;adresse e-mail suivante : <a href=\"mailto:larry.carpenter@clasolution.com\">larry.carpenter@clasolution.com<\/a>.<\/p>\n<h2>Modifications de la Politique de Cookies<\/h2>\n<p>Soudure Plastique Experts se r\u00e9serve le droit de modifier cette Politique de Cookies \u00e0 tout moment. Toute modification sera affich\u00e9e sur cette page avec la nouvelle date d&rsquo;effet.<\/p>\n<p>Nous vous encourageons \u00e0 consulter r\u00e9guli\u00e8rement cette Politique de Cookies pour rester inform\u00e9 des derni\u00e8res mises \u00e0 jour.<\/p>\n<p>[\/et_pb_text][\/et_pb_column][\/et_pb_row][\/et_pb_section][et_pb_section fb_built=\u00a0\u00bb1&Prime; _builder_version=\u00a0\u00bb4.25.1&Prime; _module_preset=\u00a0\u00bbdefault\u00a0\u00bb custom_padding=\u00a0\u00bb0px||0px||false|false\u00a0\u00bb da_disable_devices=\u00a0\u00bboff|off|off\u00a0\u00bb locked=\u00a0\u00bboff\u00a0\u00bb global_colors_info=\u00a0\u00bb{}\u00a0\u00bb theme_builder_area=\u00a0\u00bbpost_content\u00a0\u00bb da_is_popup=\u00a0\u00bboff\u00a0\u00bb da_exit_intent=\u00a0\u00bboff\u00a0\u00bb da_has_close=\u00a0\u00bbon\u00a0\u00bb da_alt_close=\u00a0\u00bboff\u00a0\u00bb da_dark_close=\u00a0\u00bboff\u00a0\u00bb da_not_modal=\u00a0\u00bbon\u00a0\u00bb da_is_singular=\u00a0\u00bboff\u00a0\u00bb da_with_loader=\u00a0\u00bboff\u00a0\u00bb da_has_shadow=\u00a0\u00bbon\u00a0\u00bb][et_pb_row _builder_version=\u00a0\u00bb4.25.1&Prime; _module_preset=\u00a0\u00bbdefault\u00a0\u00bb width=\u00a0\u00bb100%\u00a0\u00bb max_width=\u00a0\u00bb2560px\u00a0\u00bb custom_padding=\u00a0\u00bb0px||0px||false|false\u00a0\u00bb global_colors_info=\u00a0\u00bb{}\u00a0\u00bb theme_builder_area=\u00a0\u00bbpost_content\u00a0\u00bb][et_pb_column type=\u00a0\u00bb4_4&Prime; _builder_version=\u00a0\u00bb4.25.1&Prime; _module_preset=\u00a0\u00bbdefault\u00a0\u00bb global_colors_info=\u00a0\u00bb{}\u00a0\u00bb theme_builder_area=\u00a0\u00bbpost_content\u00a0\u00bb][et_pb_map address=\u00a0\u00bbQu\u00e9bec, QC, Canada\u00a0\u00bb zoom_level=\u00a0\u00bb6&Prime; address_lat=\u00a0\u00bb46.837981958644&Prime; address_lng=\u00a0\u00bb-74.308694036035&Prime; mouse_wheel=\u00a0\u00bboff\u00a0\u00bb _builder_version=\u00a0\u00bb4.25.1&Prime; _module_preset=\u00a0\u00bbdefault\u00a0\u00bb child_filter_saturate=\u00a0\u00bb0%\u00a0\u00bb child_filter_invert=\u00a0\u00bb100%\u00a0\u00bb locked=\u00a0\u00bboff\u00a0\u00bb global_colors_info=\u00a0\u00bb{}\u00a0\u00bb theme_builder_area=\u00a0\u00bbpost_content\u00a0\u00bb][et_pb_map_pin title=\u00a0\u00bbC.La.Solution Soudure Plastique\u00a0\u00bb pin_address=\u00a0\u00bb524 Rte Principale, Saint-S\u00e9bastien, QC J0J 2C0, Canada\u00a0\u00bb pin_address_lat=\u00a0\u00bb45.1246317&Prime; pin_address_lng=\u00a0\u00bb-73.1490333&Prime; _builder_version=\u00a0\u00bb4.25.1&Prime; _module_preset=\u00a0\u00bbdefault\u00a0\u00bb global_colors_info=\u00a0\u00bb{}\u00a0\u00bb theme_builder_area=\u00a0\u00bbpost_content\u00a0\u00bb][\/et_pb_map_pin][et_pb_map_pin title=\u00a0\u00bbSoudure Plastique Saint-J\u00e9r\u00f4me\u00a0\u00bb pin_address=\u00a0\u00bb1150 Bd Saint-Antoine, Saint-J\u00e9r\u00f4me, QC J7Z 3C8, Canada\u00a0\u00bb pin_address_lat=\u00a0\u00bb45.766797&Prime; pin_address_lng=\u00a0\u00bb-73.9775196&Prime; _builder_version=\u00a0\u00bb4.25.1&Prime; _module_preset=\u00a0\u00bbdefault\u00a0\u00bb global_colors_info=\u00a0\u00bb{}\u00a0\u00bb theme_builder_area=\u00a0\u00bbpost_content\u00a0\u00bb][\/et_pb_map_pin][et_pb_map_pin title=\u00a0\u00bbSoudure Plastique L\u00e9vis-Qu\u00e9bec\u00a0\u00bb pin_address=\u00a0\u00bb1967 Chem. du Sault, Saint-Romuald, QC G6W 2L3, Canada\u00a0\u00bb pin_address_lat=\u00a0\u00bb46.7525286&Prime; pin_address_lng=\u00a0\u00bb-71.2421407&Prime; _builder_version=\u00a0\u00bb4.25.1&Prime; _module_preset=\u00a0\u00bbdefault\u00a0\u00bb global_colors_info=\u00a0\u00bb{}\u00a0\u00bb theme_builder_area=\u00a0\u00bbpost_content\u00a0\u00bb][\/et_pb_map_pin][et_pb_map_pin title=\u00a0\u00bbSoudure Plastique Harvey\u00a0\u00bb pin_address=\u00a0\u00bb139 Rue Principale, Lac-Saint-Jean-Est, QC G0W 2V0, Canada\u00a0\u00bb pin_address_lat=\u00a0\u00bb48.5855897&Prime; pin_address_lng=\u00a0\u00bb-71.5378157&Prime; _builder_version=\u00a0\u00bb4.25.1&Prime; _module_preset=\u00a0\u00bbdefault\u00a0\u00bb global_colors_info=\u00a0\u00bb{}\u00a0\u00bb theme_builder_area=\u00a0\u00bbpost_content\u00a0\u00bb][\/et_pb_map_pin][\/et_pb_map][\/et_pb_column][\/et_pb_row][\/et_pb_section][et_pb_section fb_built=\u00a0\u00bb1&Prime; _builder_version=\u00a0\u00bb4.25.1&Prime; _module_preset=\u00a0\u00bbdefault\u00a0\u00bb custom_padding=\u00a0\u00bb0px||0px||false|false\u00a0\u00bb da_disable_devices=\u00a0\u00bboff|off|off\u00a0\u00bb locked=\u00a0\u00bboff\u00a0\u00bb global_colors_info=\u00a0\u00bb{}\u00a0\u00bb theme_builder_area=\u00a0\u00bbpost_content\u00a0\u00bb da_is_popup=\u00a0\u00bboff\u00a0\u00bb da_exit_intent=\u00a0\u00bboff\u00a0\u00bb da_has_close=\u00a0\u00bbon\u00a0\u00bb da_alt_close=\u00a0\u00bboff\u00a0\u00bb da_dark_close=\u00a0\u00bboff\u00a0\u00bb da_not_modal=\u00a0\u00bbon\u00a0\u00bb da_is_singular=\u00a0\u00bboff\u00a0\u00bb da_with_loader=\u00a0\u00bboff\u00a0\u00bb da_has_shadow=\u00a0\u00bbon\u00a0\u00bb][\/et_pb_section]<\/p>\n","protected":false},"excerpt":{"rendered":"<p>Une solution gagnante\u2026 une solution \u00e9cologiquePolitique de Confidentialit\u00e9 concernant les Cookies de Soudure Plastique Experts Date d&rsquo;Effet : 5 juin 2024Propri\u00e9taire du Site : Soudure Plastique ExpertsAdresse courriel de l&rsquo;Utilisateur : larry.carpenter@clasolution.com Introduction La pr\u00e9sente Politique de Confidentialit\u00e9 concernant les Cookies (ci-apr\u00e8s d\u00e9nomm\u00e9e \u00ab\u00a0Politique de Cookies\u00a0\u00bb) est applicable au site web de Soudure Plastique Experts [&hellip;]<\/p>\n","protected":false},"author":1,"featured_media":0,"parent":0,"menu_order":0,"comment_status":"closed","ping_status":"closed","template":"","meta":{"_et_pb_use_builder":"on","_et_pb_old_content":"","_et_gb_content_width":"","footnotes":""},"class_list":["post-71649","page","type-page","status-publish","hentry"],"yoast_head":"<!-- This site is optimized with the Yoast SEO plugin v27.4 - https:\/\/yoast.com\/product\/yoast-seo-wordpress\/ -->\n<title>Politique de confidentialit\u00e9 - Regroupement d\u2019experts en soudure plastique au Qu\u00e9bec<\/title>\n<meta name=\"robots\" content=\"index, follow, max-snippet:-1, max-image-preview:large, max-video-preview:-1\" \/>\n<link rel=\"canonical\" href=\"https:\/\/www.soudureplastiqueexperts.com\/en\/politique-de-confidentialite\/\" \/>\n<meta property=\"og:locale\" content=\"en_US\" \/>\n<meta property=\"og:type\" content=\"article\" \/>\n<meta property=\"og:title\" content=\"Politique de confidentialit\u00e9 - Regroupement d\u2019experts en soudure plastique au Qu\u00e9bec\" \/>\n<meta property=\"og:description\" content=\"Une solution gagnante\u2026 une solution \u00e9cologiquePolitique de Confidentialit\u00e9 concernant les Cookies de Soudure Plastique Experts Date d&#039;Effet : 5 juin 2024Propri\u00e9taire du Site : Soudure Plastique ExpertsAdresse courriel de l&#039;Utilisateur : larry.carpenter@clasolution.com Introduction La pr\u00e9sente Politique de Confidentialit\u00e9 concernant les Cookies (ci-apr\u00e8s d\u00e9nomm\u00e9e &quot;Politique de Cookies&quot;) est applicable au site web de Soudure Plastique Experts [&hellip;]\" \/>\n<meta property=\"og:url\" content=\"https:\/\/www.soudureplastiqueexperts.com\/en\/politique-de-confidentialite\/\" \/>\n<meta property=\"og:site_name\" content=\"Regroupement d\u2019experts en soudure plastique au Qu\u00e9bec\" \/>\n<meta property=\"article:modified_time\" content=\"2024-06-05T16:29:27+00:00\" \/>\n<meta property=\"og:image\" content=\"https:\/\/www.soudureplastiqueexperts.com\/wp-content\/uploads\/2024\/06\/yoast2.jpg\" \/>\n\t<meta property=\"og:image:width\" content=\"1200\" \/>\n\t<meta property=\"og:image:height\" content=\"675\" \/>\n\t<meta property=\"og:image:type\" content=\"image\/jpeg\" \/>\n<meta name=\"twitter:card\" content=\"summary_large_image\" \/>\n<meta name=\"twitter:label1\" content=\"Est. reading time\" \/>\n\t<meta name=\"twitter:data1\" content=\"6 minutes\" \/>\n<script type=\"application\/ld+json\" class=\"yoast-schema-graph\">{\"@context\":\"https:\\\/\\\/schema.org\",\"@graph\":[{\"@type\":\"WebPage\",\"@id\":\"https:\\\/\\\/www.soudureplastiqueexperts.com\\\/politique-de-confidentialite\\\/\",\"url\":\"https:\\\/\\\/www.soudureplastiqueexperts.com\\\/politique-de-confidentialite\\\/\",\"name\":\"Politique de confidentialit\u00e9 - Regroupement d\u2019experts en soudure plastique au Qu\u00e9bec\",\"isPartOf\":{\"@id\":\"https:\\\/\\\/www.soudureplastiqueexperts.com\\\/#website\"},\"datePublished\":\"2024-06-05T16:29:24+00:00\",\"dateModified\":\"2024-06-05T16:29:27+00:00\",\"breadcrumb\":{\"@id\":\"https:\\\/\\\/www.soudureplastiqueexperts.com\\\/politique-de-confidentialite\\\/#breadcrumb\"},\"inLanguage\":\"en-CA\",\"potentialAction\":[{\"@type\":\"ReadAction\",\"target\":[\"https:\\\/\\\/www.soudureplastiqueexperts.com\\\/politique-de-confidentialite\\\/\"]}]},{\"@type\":\"BreadcrumbList\",\"@id\":\"https:\\\/\\\/www.soudureplastiqueexperts.com\\\/politique-de-confidentialite\\\/#breadcrumb\",\"itemListElement\":[{\"@type\":\"ListItem\",\"position\":1,\"name\":\"Accueil\",\"item\":\"https:\\\/\\\/www.soudureplastiqueexperts.com\\\/\"},{\"@type\":\"ListItem\",\"position\":2,\"name\":\"Politique de confidentialit\u00e9\"}]},{\"@type\":\"WebSite\",\"@id\":\"https:\\\/\\\/www.soudureplastiqueexperts.com\\\/#website\",\"url\":\"https:\\\/\\\/www.soudureplastiqueexperts.com\\\/\",\"name\":\"Regroupement d\u2019experts en soudure plastique au Qu\u00e9bec\",\"description\":\"Une solution gagnante\u2026 une solution \u00e9cologique\",\"publisher\":{\"@id\":\"https:\\\/\\\/www.soudureplastiqueexperts.com\\\/#organization\"},\"alternateName\":\"soudure plastique\",\"potentialAction\":[{\"@type\":\"SearchAction\",\"target\":{\"@type\":\"EntryPoint\",\"urlTemplate\":\"https:\\\/\\\/www.soudureplastiqueexperts.com\\\/?s={search_term_string}\"},\"query-input\":{\"@type\":\"PropertyValueSpecification\",\"valueRequired\":true,\"valueName\":\"search_term_string\"}}],\"inLanguage\":\"en-CA\"},{\"@type\":\"Organization\",\"@id\":\"https:\\\/\\\/www.soudureplastiqueexperts.com\\\/#organization\",\"name\":\"Regroupement d\u2019experts en soudure plastique au Qu\u00e9bec\",\"url\":\"https:\\\/\\\/www.soudureplastiqueexperts.com\\\/\",\"logo\":{\"@type\":\"ImageObject\",\"inLanguage\":\"en-CA\",\"@id\":\"https:\\\/\\\/www.soudureplastiqueexperts.com\\\/#\\\/schema\\\/logo\\\/image\\\/\",\"url\":\"https:\\\/\\\/www.soudureplastiqueexperts.com\\\/wp-content\\\/uploads\\\/2024\\\/05\\\/respq.svg\",\"contentUrl\":\"https:\\\/\\\/www.soudureplastiqueexperts.com\\\/wp-content\\\/uploads\\\/2024\\\/05\\\/respq.svg\",\"width\":1,\"height\":1,\"caption\":\"Regroupement d\u2019experts en soudure plastique au Qu\u00e9bec\"},\"image\":{\"@id\":\"https:\\\/\\\/www.soudureplastiqueexperts.com\\\/#\\\/schema\\\/logo\\\/image\\\/\"}}]}<\/script>\n<!-- \/ Yoast SEO plugin. -->","yoast_head_json":{"title":"Politique de confidentialit\u00e9 - Regroupement d\u2019experts en soudure plastique au Qu\u00e9bec","robots":{"index":"index","follow":"follow","max-snippet":"max-snippet:-1","max-image-preview":"max-image-preview:large","max-video-preview":"max-video-preview:-1"},"canonical":"https:\/\/www.soudureplastiqueexperts.com\/en\/politique-de-confidentialite\/","og_locale":"en_US","og_type":"article","og_title":"Politique de confidentialit\u00e9 - Regroupement d\u2019experts en soudure plastique au Qu\u00e9bec","og_description":"Une solution gagnante\u2026 une solution \u00e9cologiquePolitique de Confidentialit\u00e9 concernant les Cookies de Soudure Plastique Experts Date d'Effet : 5 juin 2024Propri\u00e9taire du Site : Soudure Plastique ExpertsAdresse courriel de l'Utilisateur : larry.carpenter@clasolution.com Introduction La pr\u00e9sente Politique de Confidentialit\u00e9 concernant les Cookies (ci-apr\u00e8s d\u00e9nomm\u00e9e \"Politique de Cookies\") est applicable au site web de Soudure Plastique Experts [&hellip;]","og_url":"https:\/\/www.soudureplastiqueexperts.com\/en\/politique-de-confidentialite\/","og_site_name":"Regroupement d\u2019experts en soudure plastique au Qu\u00e9bec","article_modified_time":"2024-06-05T16:29:27+00:00","og_image":[{"width":1200,"height":675,"url":"https:\/\/www.soudureplastiqueexperts.com\/wp-content\/uploads\/2024\/06\/yoast2.jpg","type":"image\/jpeg"}],"twitter_card":"summary_large_image","twitter_misc":{"Est. reading time":"6 minutes"},"schema":{"@context":"https:\/\/schema.org","@graph":[{"@type":"WebPage","@id":"https:\/\/www.soudureplastiqueexperts.com\/politique-de-confidentialite\/","url":"https:\/\/www.soudureplastiqueexperts.com\/politique-de-confidentialite\/","name":"Politique de confidentialit\u00e9 - Regroupement d\u2019experts en soudure plastique au Qu\u00e9bec","isPartOf":{"@id":"https:\/\/www.soudureplastiqueexperts.com\/#website"},"datePublished":"2024-06-05T16:29:24+00:00","dateModified":"2024-06-05T16:29:27+00:00","breadcrumb":{"@id":"https:\/\/www.soudureplastiqueexperts.com\/politique-de-confidentialite\/#breadcrumb"},"inLanguage":"en-CA","potentialAction":[{"@type":"ReadAction","target":["https:\/\/www.soudureplastiqueexperts.com\/politique-de-confidentialite\/"]}]},{"@type":"BreadcrumbList","@id":"https:\/\/www.soudureplastiqueexperts.com\/politique-de-confidentialite\/#breadcrumb","itemListElement":[{"@type":"ListItem","position":1,"name":"Accueil","item":"https:\/\/www.soudureplastiqueexperts.com\/"},{"@type":"ListItem","position":2,"name":"Politique de confidentialit\u00e9"}]},{"@type":"WebSite","@id":"https:\/\/www.soudureplastiqueexperts.com\/#website","url":"https:\/\/www.soudureplastiqueexperts.com\/","name":"Regroupement d\u2019experts en soudure plastique au Qu\u00e9bec","description":"A Winning Solution\u2026 An Eco-Friendly Solution","publisher":{"@id":"https:\/\/www.soudureplastiqueexperts.com\/#organization"},"alternateName":"soudure plastique","potentialAction":[{"@type":"SearchAction","target":{"@type":"EntryPoint","urlTemplate":"https:\/\/www.soudureplastiqueexperts.com\/?s={search_term_string}"},"query-input":{"@type":"PropertyValueSpecification","valueRequired":true,"valueName":"search_term_string"}}],"inLanguage":"en-CA"},{"@type":"Organization","@id":"https:\/\/www.soudureplastiqueexperts.com\/#organization","name":"Regroupement d\u2019experts en soudure plastique au Qu\u00e9bec","url":"https:\/\/www.soudureplastiqueexperts.com\/","logo":{"@type":"ImageObject","inLanguage":"en-CA","@id":"https:\/\/www.soudureplastiqueexperts.com\/#\/schema\/logo\/image\/","url":"https:\/\/www.soudureplastiqueexperts.com\/wp-content\/uploads\/2024\/05\/respq.svg","contentUrl":"https:\/\/www.soudureplastiqueexperts.com\/wp-content\/uploads\/2024\/05\/respq.svg","width":1,"height":1,"caption":"Regroupement d\u2019experts en soudure plastique au Qu\u00e9bec"},"image":{"@id":"https:\/\/www.soudureplastiqueexperts.com\/#\/schema\/logo\/image\/"}}]}},"_links":{"self":[{"href":"https:\/\/www.soudureplastiqueexperts.com\/en\/wp-json\/wp\/v2\/pages\/71649","targetHints":{"allow":["GET"]}}],"collection":[{"href":"https:\/\/www.soudureplastiqueexperts.com\/en\/wp-json\/wp\/v2\/pages"}],"about":[{"href":"https:\/\/www.soudureplastiqueexperts.com\/en\/wp-json\/wp\/v2\/types\/page"}],"author":[{"embeddable":true,"href":"https:\/\/www.soudureplastiqueexperts.com\/en\/wp-json\/wp\/v2\/users\/1"}],"replies":[{"embeddable":true,"href":"https:\/\/www.soudureplastiqueexperts.com\/en\/wp-json\/wp\/v2\/comments?post=71649"}],"version-history":[{"count":2,"href":"https:\/\/www.soudureplastiqueexperts.com\/en\/wp-json\/wp\/v2\/pages\/71649\/revisions"}],"predecessor-version":[{"id":71652,"href":"https:\/\/www.soudureplastiqueexperts.com\/en\/wp-json\/wp\/v2\/pages\/71649\/revisions\/71652"}],"wp:attachment":[{"href":"https:\/\/www.soudureplastiqueexperts.com\/en\/wp-json\/wp\/v2\/media?parent=71649"}],"curies":[{"name":"wp","href":"https:\/\/api.w.org\/{rel}","templated":true}]}}